{"id":7,"date":"2025-08-27T20:26:03","date_gmt":"2025-08-27T20:26:03","guid":{"rendered":"https:\/\/privamed.hamakmarketingnumerique.com\/?page_id=7"},"modified":"2025-08-27T20:57:50","modified_gmt":"2025-08-27T20:57:50","slug":"home","status":"publish","type":"page","link":"https:\/\/privamed.hamakmarketingnumerique.com\/","title":{"rendered":""},"content":{"rendered":"\n<div class=\"wp-block-cover alignfull\" style=\"min-height:720px;aspect-ratio:unset;\"><img loading=\"lazy\" decoding=\"async\" width=\"931\" height=\"683\" class=\"wp-block-cover__image-background wp-image-29 size-full\" alt=\"\" src=\"https:\/\/privamed.hamakmarketingnumerique.com\/wp-content\/uploads\/2025\/08\/Capture-decran-le-2025-08-27-a-16.33.43.png\" data-object-fit=\"cover\" srcset=\"https:\/\/privamed.hamakmarketingnumerique.com\/wp-content\/uploads\/2025\/08\/Capture-decran-le-2025-08-27-a-16.33.43.png 931w, https:\/\/privamed.hamakmarketingnumerique.com\/wp-content\/uploads\/2025\/08\/Capture-decran-le-2025-08-27-a-16.33.43-300x220.png 300w, https:\/\/privamed.hamakmarketingnumerique.com\/wp-content\/uploads\/2025\/08\/Capture-decran-le-2025-08-27-a-16.33.43-768x563.png 768w\" sizes=\"auto, (max-width: 931px) 100vw, 931px\" \/><span aria-hidden=\"true\" class=\"wp-block-cover__background has-background-dim\"><\/span><div class=\"wp-block-cover__inner-container is-layout-flow wp-block-cover-is-layout-flow\">\n<div class=\"wp-block-group alignwide is-layout-constrained wp-block-group-is-layout-constrained\">\n<div class=\"wp-block-cover alignwide is-light\"><span aria-hidden=\"true\" class=\"wp-block-cover__background has-background-dim-0 has-background-dim\"><\/span><div class=\"wp-block-cover__inner-container is-layout-flow wp-block-cover-is-layout-flow\">\n<div class=\"wp-block-columns is-layout-flex wp-container-core-columns-is-layout-28f84493 wp-block-columns-is-layout-flex\">\n<div class=\"wp-block-column is-layout-flow wp-block-column-is-layout-flow\"><\/div>\n\n\n\n<div class=\"wp-block-column is-layout-flow wp-block-column-is-layout-flow\"><\/div>\n<\/div>\n\n\n\n<h1 class=\"wp-block-heading has-text-align-left has-white-color has-text-color\">Des services complets de <br>m\u00e9decine g\u00e9n\u00e9rale <br>pour toute la famille.<\/h1>\n\n\n\n<div class=\"wp-block-buttons is-layout-flex wp-block-buttons-is-layout-flex\">\n<div class=\"wp-block-button\"><a class=\"wp-block-button__link wp-element-button\">Prendre rendez-vous<\/a><\/div>\n<\/div>\n<\/div><\/div>\n<\/div>\n<\/div><\/div>\n\n\n\n<div class=\"wp-block-group alignfull has-ast-global-color-5-background-color has-background is-layout-constrained wp-container-core-group-is-layout-9cedb757 wp-block-group-is-layout-constrained\" style=\"padding-bottom:0px\">\n<div class=\"wp-block-columns are-vertically-aligned-top is-layout-flex wp-container-core-columns-is-layout-00723822 wp-block-columns-is-layout-flex\">\n<div class=\"wp-block-column is-vertically-aligned-top is-layout-flow wp-container-core-column-is-layout-6b73ce23 wp-block-column-is-layout-flow\">\n<figure class=\"wp-block-image size-full is-resized wp-duotone-dark-grayscale\"><img loading=\"lazy\" decoding=\"async\" width=\"100\" height=\"111\" src=\"https:\/\/privamed.hamakmarketingnumerique.com\/wp-content\/uploads\/2025\/08\/4_services_iconvmedecine-familiale.png\" alt=\"\" class=\"wp-image-34\" style=\"width:75px;height:auto\"\/><\/figure>\n\n\n\n<h4 class=\"wp-block-heading has-text-align-left\" style=\"margin-top:16px\">M\u00c9DECINE FAMILIALE<\/h4>\n\n\n\n<p class=\"has-text-align-left\">Des services humains, accessibles et centr\u00e9es sur vos besoins<\/p>\n\n\n\n<p><\/p>\n\n\n\n<figure class=\"wp-block-image size-full is-resized wp-duotone-dark-grayscale\"><img loading=\"lazy\" decoding=\"async\" width=\"100\" height=\"91\" src=\"https:\/\/privamed.hamakmarketingnumerique.com\/wp-content\/uploads\/2025\/08\/21_services_iconvsante-maternelle.png\" alt=\"\" class=\"wp-image-35\" style=\"width:78px;height:auto\"\/><\/figure>\n\n\n\n<h4 class=\"wp-block-heading has-text-align-left\" style=\"margin-top:16px\">CLINIQUE DU POIDS<\/h4>\n\n\n\n<p class=\"has-text-align-left\">Pour vous r\u00e9approprier votre sant\u00e9<\/p>\n<\/div>\n\n\n\n<div class=\"wp-block-column is-vertically-aligned-top is-layout-flow wp-container-core-column-is-layout-6b73ce23 wp-block-column-is-layout-flow\">\n<figure class=\"wp-block-image size-full is-resized wp-duotone-dark-grayscale\"><img loading=\"lazy\" decoding=\"async\" width=\"100\" height=\"91\" src=\"https:\/\/privamed.hamakmarketingnumerique.com\/wp-content\/uploads\/2025\/08\/21_services_iconvsante-maternelle.png\" alt=\"\" class=\"wp-image-35\" style=\"width:86px;height:auto\"\/><\/figure>\n\n\n\n<h4 class=\"wp-block-heading has-text-align-left\" style=\"margin-top:16px\">M\u00c9DECINS SP\u00c9CIALISTES<\/h4>\n\n\n\n<p class=\"has-text-align-left\">B\u00e9n\u00e9ficier d&rsquo;une prise en charge rapide sans le d\u00e9lai d&rsquo;attente<\/p>\n\n\n\n<p><\/p>\n\n\n\n<figure class=\"wp-block-image size-full is-resized wp-duotone-dark-grayscale\"><img loading=\"lazy\" decoding=\"async\" width=\"100\" height=\"91\" src=\"https:\/\/privamed.hamakmarketingnumerique.com\/wp-content\/uploads\/2025\/08\/21_services_iconvsante-maternelle.png\" alt=\"\" class=\"wp-image-35\" style=\"width:82px;height:auto\"\/><\/figure>\n\n\n\n<h4 class=\"wp-block-heading has-text-align-left\" style=\"margin-top:16px\">SOINS INFIRMIERS<\/h4>\n\n\n\n<p class=\"has-text-align-left\">Des soins attentionn\u00e9s et personnalis\u00e9es<\/p>\n<\/div>\n\n\n\n<div class=\"wp-block-column is-vertically-aligned-top is-layout-flow wp-container-core-column-is-layout-6b73ce23 wp-block-column-is-layout-flow\">\n<figure class=\"wp-block-image size-full is-resized wp-duotone-dark-grayscale\"><img loading=\"lazy\" decoding=\"async\" width=\"100\" height=\"111\" src=\"https:\/\/privamed.hamakmarketingnumerique.com\/wp-content\/uploads\/2025\/08\/4_services_iconvmedecine-familiale.png\" alt=\"\" class=\"wp-image-34\" style=\"width:79px;height:auto\"\/><\/figure>\n\n\n\n<h4 class=\"wp-block-heading has-text-align-left\" style=\"margin-top:16px\">SANT\u00c9 MATERNELLE<\/h4>\n\n\n\n<p class=\"has-text-align-left\">Parce que rien ne compte plus que la sant\u00e9 de votre famille, pr\u00e9sente et future<\/p>\n<\/div>\n<\/div>\n<\/div>\n\n\n\n<h2 class=\"wp-block-heading\">Tarifications<\/h2>\n\n\n\n<details class=\"wp-block-details has-medium-font-size is-layout-flow wp-block-details-is-layout-flow\"><summary><strong>Abonnement<\/strong><\/summary>\n<p>\/Pour avoir un m\u00e9decin de famille dans le r\u00e9seau&nbsp;<strong>PrivaMED,<\/strong>&nbsp;vous devez devenir membre en souscrivant \u00e0 un abonnement. Vous ne payez qu\u2019un seul abonnement annuel pour avoir acc\u00e8s \u00e0 l\u2019ensemble du r\u00e9seau. La souscription donne, \u00e0 chacun des membres de l\u2019abonnement, un acc\u00e8s personnel aux services Internet. L\u2019acc\u00e8s au dossier de sant\u00e9 \u00e9lectronique est individuel pour les personnes de 14 ans et plus.<\/p>\n\n\n\n<h4 class=\"wp-block-heading\">Types d\u2019abonnement ** :<\/h4>\n\n\n\n<ul class=\"wp-block-list\">\n<li>&nbsp;<strong>Solo&nbsp;<\/strong>: 145 $&nbsp;<em>(une personne)<\/em><\/li>\n\n\n\n<li>&nbsp;<strong>Duo&nbsp;<\/strong>: 265 $&nbsp;<em>(deux personnes)<\/em><\/li>\n\n\n\n<li>&nbsp;<strong>Famille*<\/strong>&nbsp;: 325 $&nbsp;<em>(de trois \u00e0 six personnes)<\/em><\/li>\n<\/ul>\n\n\n\n<p>*Sur la base d\u2019un maximum de deux personnes de 21 ans et plus et de quatre personnes de moins de 21 ans.<\/p>\n\n\n\n<p><strong>**&nbsp;<\/strong>Les souscriptions sont toujours pour une dur\u00e9e d\u2019un an, renouvelable par tacite reconduction.&nbsp;<strong>Aux prix des abonnements s\u2019ajoutent la TPS et la TVQ.<\/strong><\/p>\n\n\n\n<p><em>Pour devenir membre \u00e0 la clinique, veuillez compl\u00e9ter le formulaire en cliquant ici :&nbsp;<strong><a href=\"https:\/\/landing.mailerlite.com\/webforms\/landing\/p3g3i9\">Je d\u00e9sire devenir membre<\/a><\/strong><\/em><\/p>\n\n\n\n<h4 class=\"wp-block-heading\"><strong>VOUS N\u2019\u00caTES PAS MEMBRE ?<\/strong><\/h4>\n\n\n\n<p>Vous n\u2019\u00eates pas un membre de la clinique mais vous avez une urgence et aimeriez \u00eatre vu rapidement ? Aucun probl\u00e8me. Nous acceptons aussi les non-membres.<\/p>\n\n\n\n<p>Rejoignez nous pour conna\u00eetre les modalit\u00e9s de prise de rendez-vous<\/p>\n<\/details>\n\n\n\n<details class=\"wp-block-details has-medium-font-size is-layout-flow wp-block-details-is-layout-flow\"><summary><strong>M\u00e9decine familiale<\/strong><\/summary>\n<p>\/Pour avoir un m\u00e9decin de famille dans le r\u00e9seau&nbsp;<strong>PrivaMED,<\/strong>&nbsp;vous devez devenir membre en souscrivant \u00e0 un abonnement. Vous ne payez qu\u2019un seul abonnement annuel pour avoir acc\u00e8s \u00e0 l\u2019ensemble du r\u00e9seau. La souscription donne, \u00e0 chacun des membres de l\u2019abonnement, un acc\u00e8s personnel aux services Internet. L\u2019acc\u00e8s au dossier de sant\u00e9 \u00e9lectronique est individuel pour les personnes de 14 ans et plus.<\/p>\n\n\n\n<h4 class=\"wp-block-heading\">Types d\u2019abonnement ** :<\/h4>\n\n\n\n<ul class=\"wp-block-list\">\n<li>&nbsp;<strong>Solo&nbsp;<\/strong>: 145 $&nbsp;<em>(une personne)<\/em><\/li>\n\n\n\n<li>&nbsp;<strong>Duo&nbsp;<\/strong>: 265 $&nbsp;<em>(deux personnes)<\/em><\/li>\n\n\n\n<li>&nbsp;<strong>Famille*<\/strong>&nbsp;: 325 $&nbsp;<em>(de trois \u00e0 six personnes)<\/em><\/li>\n<\/ul>\n\n\n\n<p>*Sur la base d\u2019un maximum de deux personnes de 21 ans et plus et de quatre personnes de moins de 21 ans.<\/p>\n\n\n\n<p><strong>**&nbsp;<\/strong>Les souscriptions sont toujours pour une dur\u00e9e d\u2019un an, renouvelable par tacite reconduction.&nbsp;<strong>Aux prix des abonnements s\u2019ajoutent la TPS et la TVQ.<\/strong><\/p>\n\n\n\n<p><em>Pour devenir membre \u00e0 la clinique, veuillez compl\u00e9ter le formulaire en cliquant ici :&nbsp;<strong><a href=\"https:\/\/landing.mailerlite.com\/webforms\/landing\/p3g3i9\">Je d\u00e9sire devenir membre<\/a><\/strong><\/em><\/p>\n\n\n\n<h4 class=\"wp-block-heading\"><strong>VOUS N\u2019\u00caTES PAS MEMBRE ?<\/strong><\/h4>\n\n\n\n<p>Vous n\u2019\u00eates pas un membre de la clinique mais vous avez une urgence et aimeriez \u00eatre vu rapidement ? Aucun probl\u00e8me. Nous acceptons aussi les non-membres.<\/p>\n\n\n\n<p>Rejoignez nous pour conna\u00eetre les modalit\u00e9s de prise de rendez-vous<\/p>\n<\/details>\n\n\n\n<div class=\"wp-block-group alignfull is-layout-constrained wp-container-core-group-is-layout-3fee123f wp-block-group-is-layout-constrained\" id=\"whyus\" style=\"padding-top:144px;padding-bottom:144px\">\n<h2 class=\"wp-block-heading\">Nos cliniques <\/h2>\n\n\n\n<div class=\"wp-block-columns is-layout-flex wp-container-core-columns-is-layout-29aadeec wp-block-columns-is-layout-flex\" style=\"margin-top:60px\">\n<div class=\"wp-block-column is-layout-flow wp-container-core-column-is-layout-6b73ce23 wp-block-column-is-layout-flow\">\n<figure class=\"wp-block-image size-full wp-duotone-dark-grayscale\"><img loading=\"lazy\" decoding=\"async\" width=\"100\" height=\"91\" src=\"https:\/\/privamed.hamakmarketingnumerique.com\/wp-content\/uploads\/2025\/08\/21_services_iconvsante-maternelle.png\" alt=\"\" class=\"wp-image-35\"\/><\/figure>\n\n\n\n<h3 class=\"wp-block-heading\" style=\"margin-top:16px\">Boucherville<\/h3>\n\n\n\n<p>1052 Lionel-Daunais, Suite 203<br>Boucherville, Qu\u00e9bec, J4B 0B2<\/p>\n\n\n\n<p>Tel : 514-360-4416<br>Sans frais : 1-855-655-6060<br>Fax : 450-906-1515<\/p>\n\n\n\n<p>Lundi : 7h30 &#8211; | &#8211; 17h00<br>Mardi : 7h30 &#8211; | &#8211; 17h00<br>Mercredi : 7h30 &#8211; | &#8211; 17h00<br>Jeudi : 7h30 &#8211; | &#8211; 17h00<br>Vendredi : 7h30 &#8211; | &#8211; 17h00<br>Samedi : Ferm\u00e9<br>Dimanche : Ferm\u00e9<\/p>\n<\/div>\n\n\n\n<div class=\"wp-block-column is-layout-flow wp-container-core-column-is-layout-6b73ce23 wp-block-column-is-layout-flow\">\n<figure class=\"wp-block-image size-full wp-duotone-dark-grayscale\"><img loading=\"lazy\" decoding=\"async\" width=\"100\" height=\"91\" src=\"https:\/\/privamed.hamakmarketingnumerique.com\/wp-content\/uploads\/2025\/08\/21_services_iconvsante-maternelle.png\" alt=\"\" class=\"wp-image-35\"\/><\/figure>\n\n\n\n<h3 class=\"wp-block-heading\" style=\"margin-top:16px\">Brossard<\/h3>\n\n\n\n<p>5955 Boulevard Marie-Victorin<br>Brossard, Qu\u00e9bec, J4W 2M2<\/p>\n\n\n\n<p>Tel : 514-360-4416<br>Sans frais : 1-855-655-6060<br>Fax : 450-923-1551<\/p>\n\n\n\n<p>Lundi : 7h30 &#8211; | &#8211; 17h00<br>Mardi : 7h30 &#8211; | &#8211; 17h00<br>Mercredi : 7h30 &#8211; | &#8211; 17h00<br>Jeudi : 7h30 &#8211; | &#8211; 17h00<br>Vendredi : 7h30 &#8211; | &#8211; 17h00<br>Samedi : 8h00 &#8211; | &#8211; 12h00<br>Dimanche : Ferm\u00e9<\/p>\n<\/div>\n\n\n\n<div class=\"wp-block-column is-layout-flow wp-container-core-column-is-layout-6b73ce23 wp-block-column-is-layout-flow\">\n<figure class=\"wp-block-image size-full wp-duotone-dark-grayscale\"><img loading=\"lazy\" decoding=\"async\" width=\"100\" height=\"91\" src=\"https:\/\/privamed.hamakmarketingnumerique.com\/wp-content\/uploads\/2025\/08\/21_services_iconvsante-maternelle.png\" alt=\"\" class=\"wp-image-35\"\/><\/figure>\n\n\n\n<h3 class=\"wp-block-heading\" style=\"margin-top:16px\">Quartier Dix30<\/h3>\n\n\n\n<p>1100 Rue Du Lux, Bureau 520<br>Brossard, Qu\u00e9bec, J4Y 0E2<\/p>\n\n\n\n<p>Tel : 514 360-4416<br>Sans frais : 1-855-655-6060<br>Fax : 450 914-1790<\/p>\n\n\n\n<p>Lundi : 8h &#8211; | &#8211; 17h<br>Mardi : 8h &#8211; | &#8211; 17h<br>Mercredi : 8h &#8211; | &#8211; 17h<br>Jeudi : 8h &#8211; | &#8211; 17h<br>Vendredi : 8h &#8211; | &#8211; 17h<br>Samedi : Ferm\u00e9<br>Dimanche : Ferm\u00e9<\/p>\n<\/div>\n<\/div>\n<\/div>\n\n\n\n<div class=\"wp-block-group alignfull has-cold-evening-gradient-background has-background is-layout-constrained wp-container-core-group-is-layout-cfcca693 wp-block-group-is-layout-constrained\" id=\"contact\" style=\"padding-top:104px;padding-bottom:104px\">\n<h2 class=\"wp-block-heading has-text-align-center has-text-color\" style=\"color:#ffffff\">Des services complets de m\u00e9decine g\u00e9n\u00e9rale pour toute la famille.<\/h2>\n\n\n\n<div class=\"wp-block-buttons alignwide is-horizontal is-content-justification-center is-layout-flex wp-container-core-buttons-is-layout-bba8380a wp-block-buttons-is-layout-flex\" style=\"margin-top:50px\">\n<div class=\"wp-block-button\"><a class=\"wp-block-button__link wp-element-button\">Prendre un rendez-vous<\/a><\/div>\n<\/div>\n<\/div>\n\n\n\n<p><\/p>\n","protected":false},"excerpt":{"rendered":"<p>M\u00c9DECINE FAMILIALE Des services humains, accessibles et centr\u00e9es sur vos besoins CLINIQUE DU POIDS Pour vous r\u00e9approprier votre sant\u00e9 M\u00c9DECINS SP\u00c9CIALISTES B\u00e9n\u00e9ficier d&rsquo;une prise en charge rapide sans le d\u00e9lai d&rsquo;attente SOINS INFIRMIERS Des soins attentionn\u00e9s et personnalis\u00e9es SANT\u00c9 MATERNELLE Parce que rien ne compte plus que la sant\u00e9 de votre famille, pr\u00e9sente et future [&hellip;]<\/p>\n","protected":false},"author":1,"featured_media":0,"parent":0,"menu_order":0,"comment_status":"closed","ping_status":"closed","template":"","meta":{"footnotes":""},"class_list":["post-7","page","type-page","status-publish","hentry"],"blocksy_meta":[],"_links":{"self":[{"href":"https:\/\/privamed.hamakmarketingnumerique.com\/index.php\/wp-json\/wp\/v2\/pages\/7","targetHints":{"allow":["GET"]}}],"collection":[{"href":"https:\/\/privamed.hamakmarketingnumerique.com\/index.php\/wp-json\/wp\/v2\/pages"}],"about":[{"href":"https:\/\/privamed.hamakmarketingnumerique.com\/index.php\/wp-json\/wp\/v2\/types\/page"}],"author":[{"embeddable":true,"href":"https:\/\/privamed.hamakmarketingnumerique.com\/index.php\/wp-json\/wp\/v2\/users\/1"}],"replies":[{"embeddable":true,"href":"https:\/\/privamed.hamakmarketingnumerique.com\/index.php\/wp-json\/wp\/v2\/comments?post=7"}],"version-history":[{"count":9,"href":"https:\/\/privamed.hamakmarketingnumerique.com\/index.php\/wp-json\/wp\/v2\/pages\/7\/revisions"}],"predecessor-version":[{"id":42,"href":"https:\/\/privamed.hamakmarketingnumerique.com\/index.php\/wp-json\/wp\/v2\/pages\/7\/revisions\/42"}],"wp:attachment":[{"href":"https:\/\/privamed.hamakmarketingnumerique.com\/index.php\/wp-json\/wp\/v2\/media?parent=7"}],"curies":[{"name":"wp","href":"https:\/\/api.w.org\/{rel}","templated":true}]}}